{"id":474,"date":"2025-09-23T11:53:33","date_gmt":"2025-09-23T11:53:33","guid":{"rendered":"https:\/\/rozit.es\/?page_id=474"},"modified":"2025-10-10T03:12:02","modified_gmt":"2025-10-10T03:12:02","slug":"about-us","status":"publish","type":"page","link":"https:\/\/rozit.es\/es\/about-us\/","title":{"rendered":"Sobre nosotros"},"content":{"rendered":"\n<p>Con m\u00e1s de 15 a\u00f1os de experiencia y un portafolio de m\u00e1s de 300 propiedades terminadas en todo el mundo, nuestro equipo crea espacios que combinan dise\u00f1o sofisticado y valor comercial. Nuestra experiencia, perfeccionada en empresas l\u00edderes como JLL, nos permite construir casas que no solo son est\u00e9ticamente impresionantes, sino tambi\u00e9n una inversi\u00f3n s\u00f3lida, entregadas con tecnolog\u00eda de vanguardia y eficiencia energ\u00e9tica.<\/p>\n\n\n\n<p>Esto forma la base de nuestro servicio integral llave en mano. Gestionamos cada detalle, desde el concepto inicial hasta la entrega final. Para los clientes que desean estar m\u00e1s involucrados, adaptamos el proyecto a tus necesidades, preparando toda la documentaci\u00f3n esencial: permisos de construcci\u00f3n, planos t\u00e9cnicos y documentos de obra. Ofrecemos flexibilidad para construir tanto con m\u00e9todos industriales avanzados como con artesan\u00eda tradicional, siempre con absoluta garant\u00eda de precisi\u00f3n y calidad.<\/p>\n\n\n\n<h2 class=\"wp-block-heading\">NUESTRA FILOSOF\u00cdA<\/h2>\n\n\n\n<p>Creemos que un hogar es el reflejo definitivo de qui\u00e9n eres y el centro de tu vida. Por eso no solo dise\u00f1amos casas: creamos espacios inteligentes y hermosos donde puedes vivir, trabajar y disfrutar realmente de la vida.<\/p>\n\n\n\n<p>Este es nuestro principio rector. Cada elecci\u00f3n que hacemos \u2014desde el uso de los materiales m\u00e1s duraderos y eficientes hasta nuestra obsesi\u00f3n por el detalle est\u00e9tico\u2014 est\u00e1 impulsada por un solo objetivo: construir un hogar que sea una fuente constante y confiable de alegr\u00eda para ti y tu familia.<\/p>\n\n\n\n<p>Villas de Rozit Development \u2014 Un hogar que te refleja.<\/p>\n\n\n\n<div class=\"tm-command\">\n\n            <div class=\"tm-grid\">\n                            <div class=\"tm-grid__width-1-2\">\n                    <div class=\"tm-command-card\">\n                        <div class=\"tm-command-card__img\">\n                                                            <img decoding=\"async\" src=\"https:\/\/rozit.es\/wp-content\/uploads\/2025\/10\/katrin-1.webp\" alt=\"\" \/>\n                                                    <\/div>\n                        <div class=\"tm-command-card__content\">\n                            <div class=\"tm-command-card__title trans tm-h2 tm-margin-xxsmall-bottom\">\n                                KATERYNA ROZIT                            <\/div>\n                            <div class=\"tm-command-card__subtitle tm-margin-small-bottom\">\n                                Coproprietaria, Arquitecta                            <\/div>\n                            <div class=\"tm-command-card__text tm-margin-small-bottom\">\n                                M\u00e1s de 15 a\u00f1os de experiencia en arquitectura y dise\u00f1o, con s\u00f3lida trayectoria comercial en Jones Lang LaSalle (JLL).                            <\/div>\n                            <div class=\"tm-command-card__links tm-social\">\n                                                                    <a href=\"https:\/\/www.linkedin.com\/in\/kateryna-rozit\/\" class=\"tm-rozit tm-rozit-icon-linkedin-full\"><\/a>\n                                                            <\/div>\n                        <\/div>\n                    <\/div>\n                <\/div>\n                            <div class=\"tm-grid__width-1-2\">\n                    <div class=\"tm-command-card\">\n                        <div class=\"tm-command-card__img\">\n                                                            <img decoding=\"async\" src=\"https:\/\/rozit.es\/wp-content\/uploads\/2025\/10\/dima-1.webp\" alt=\"\" \/>\n                                                    <\/div>\n                        <div class=\"tm-command-card__content\">\n                            <div class=\"tm-command-card__title trans tm-h2 tm-margin-xxsmall-bottom\">\n                                DMYTRO MITIAIEV                            <\/div>\n                            <div class=\"tm-command-card__subtitle tm-margin-small-bottom\">\n                                Director de desarrollo de negocios                            <\/div>\n                            <div class=\"tm-command-card__text tm-margin-small-bottom\">\n                                M\u00e1s de 20 a\u00f1os de experiencia de alto nivel en negocios internacionales. Desarrollo de marcas privadas, gesti\u00f3n financiera.                            <\/div>\n                            <div class=\"tm-command-card__links tm-social\">\n                                                                    <a href=\"https:\/\/www.linkedin.com\/in\/dmytromitiaiev-b5a76136\/\" class=\"tm-rozit tm-rozit-icon-linkedin-full\"><\/a>\n                                                            <\/div>\n                        <\/div>\n                    <\/div>\n                <\/div>\n                    <\/div>\n    \n<\/div>","protected":false},"excerpt":{"rendered":"<p>Con m\u00e1s de 15 a\u00f1os de experiencia y un portafolio de m\u00e1s de 300 propiedades terminadas en todo el mundo, nuestro equipo crea espacios que combinan dise\u00f1o sofisticado y valor comercial. Nuestra experiencia, perfeccionada en empresas l\u00edderes como JLL, nos permite construir casas que no solo son est\u00e9ticamente impresionantes, sino tambi\u00e9n una inversi\u00f3n s\u00f3lida, entregadas [&hellip;]<\/p>\n","protected":false},"author":1,"featured_media":0,"parent":0,"menu_order":0,"comment_status":"closed","ping_status":"closed","template":"","meta":{"_acf_changed":true,"inline_featured_image":false,"footnotes":""},"class_list":["post-474","page","type-page","status-publish","hentry"],"acf":[],"yoast_head":"<!-- This site is optimized with the Yoast SEO plugin v26.1.1 - https:\/\/yoast.com\/wordpress\/plugins\/seo\/ -->\n<title>Sobre nosotros - Rozit<\/title>\n<meta name=\"robots\" content=\"index, follow, max-snippet:-1, max-image-preview:large, max-video-preview:-1\" \/>\n<link rel=\"canonical\" href=\"https:\/\/rozit.es\/es\/about-us\/\" \/>\n<meta property=\"og:locale\" content=\"es_ES\" \/>\n<meta property=\"og:type\" content=\"article\" \/>\n<meta property=\"og:title\" content=\"Sobre nosotros - Rozit\" \/>\n<meta property=\"og:description\" content=\"Con m\u00e1s de 15 a\u00f1os de experiencia y un portafolio de m\u00e1s de 300 propiedades terminadas en todo el mundo, nuestro equipo crea espacios que combinan dise\u00f1o sofisticado y valor comercial. Nuestra experiencia, perfeccionada en empresas l\u00edderes como JLL, nos permite construir casas que no solo son est\u00e9ticamente impresionantes, sino tambi\u00e9n una inversi\u00f3n s\u00f3lida, entregadas [&hellip;]\" \/>\n<meta property=\"og:url\" content=\"https:\/\/rozit.es\/es\/about-us\/\" \/>\n<meta property=\"og:site_name\" content=\"Rozit\" \/>\n<meta property=\"article:modified_time\" content=\"2025-10-10T03:12:02+00:00\" \/>\n<meta name=\"twitter:card\" content=\"summary_large_image\" \/>\n<meta name=\"twitter:label1\" content=\"Tiempo de lectura\" \/>\n\t<meta name=\"twitter:data1\" content=\"2 minutes\" \/>\n<script type=\"application\/ld+json\" class=\"yoast-schema-graph\">{\"@context\":\"https:\/\/schema.org\",\"@graph\":[{\"@type\":\"WebPage\",\"@id\":\"https:\/\/rozit.es\/es\/about-us\/\",\"url\":\"https:\/\/rozit.es\/es\/about-us\/\",\"name\":\"Sobre nosotros - Rozit\",\"isPartOf\":{\"@id\":\"https:\/\/rozit.es\/es\/#website\"},\"datePublished\":\"2025-09-23T11:53:33+00:00\",\"dateModified\":\"2025-10-10T03:12:02+00:00\",\"breadcrumb\":{\"@id\":\"https:\/\/rozit.es\/es\/about-us\/#breadcrumb\"},\"inLanguage\":\"es-ES\",\"potentialAction\":[{\"@type\":\"ReadAction\",\"target\":[\"https:\/\/rozit.es\/es\/about-us\/\"]}]},{\"@type\":\"BreadcrumbList\",\"@id\":\"https:\/\/rozit.es\/es\/about-us\/#breadcrumb\",\"itemListElement\":[{\"@type\":\"ListItem\",\"position\":1,\"name\":\"Home\",\"item\":\"https:\/\/rozit.es\/es\/\"},{\"@type\":\"ListItem\",\"position\":2,\"name\":\"Sobre nosotros\"}]},{\"@type\":\"WebSite\",\"@id\":\"https:\/\/rozit.es\/es\/#website\",\"url\":\"https:\/\/rozit.es\/es\/\",\"name\":\"Rozit\",\"description\":\"\",\"potentialAction\":[{\"@type\":\"SearchAction\",\"target\":{\"@type\":\"EntryPoint\",\"urlTemplate\":\"https:\/\/rozit.es\/es\/?s={search_term_string}\"},\"query-input\":{\"@type\":\"PropertyValueSpecification\",\"valueRequired\":true,\"valueName\":\"search_term_string\"}}],\"inLanguage\":\"es-ES\"}]}<\/script>\n<!-- \/ Yoast SEO plugin. -->","yoast_head_json":{"title":"Sobre nosotros - Rozit","robots":{"index":"index","follow":"follow","max-snippet":"max-snippet:-1","max-image-preview":"max-image-preview:large","max-video-preview":"max-video-preview:-1"},"canonical":"https:\/\/rozit.es\/es\/about-us\/","og_locale":"es_ES","og_type":"article","og_title":"Sobre nosotros - Rozit","og_description":"Con m\u00e1s de 15 a\u00f1os de experiencia y un portafolio de m\u00e1s de 300 propiedades terminadas en todo el mundo, nuestro equipo crea espacios que combinan dise\u00f1o sofisticado y valor comercial. Nuestra experiencia, perfeccionada en empresas l\u00edderes como JLL, nos permite construir casas que no solo son est\u00e9ticamente impresionantes, sino tambi\u00e9n una inversi\u00f3n s\u00f3lida, entregadas [&hellip;]","og_url":"https:\/\/rozit.es\/es\/about-us\/","og_site_name":"Rozit","article_modified_time":"2025-10-10T03:12:02+00:00","twitter_card":"summary_large_image","twitter_misc":{"Tiempo de lectura":"2 minutes"},"schema":{"@context":"https:\/\/schema.org","@graph":[{"@type":"WebPage","@id":"https:\/\/rozit.es\/es\/about-us\/","url":"https:\/\/rozit.es\/es\/about-us\/","name":"Sobre nosotros - Rozit","isPartOf":{"@id":"https:\/\/rozit.es\/es\/#website"},"datePublished":"2025-09-23T11:53:33+00:00","dateModified":"2025-10-10T03:12:02+00:00","breadcrumb":{"@id":"https:\/\/rozit.es\/es\/about-us\/#breadcrumb"},"inLanguage":"es-ES","potentialAction":[{"@type":"ReadAction","target":["https:\/\/rozit.es\/es\/about-us\/"]}]},{"@type":"BreadcrumbList","@id":"https:\/\/rozit.es\/es\/about-us\/#breadcrumb","itemListElement":[{"@type":"ListItem","position":1,"name":"Home","item":"https:\/\/rozit.es\/es\/"},{"@type":"ListItem","position":2,"name":"Sobre nosotros"}]},{"@type":"WebSite","@id":"https:\/\/rozit.es\/es\/#website","url":"https:\/\/rozit.es\/es\/","name":"Rozit","description":"","potentialAction":[{"@type":"SearchAction","target":{"@type":"EntryPoint","urlTemplate":"https:\/\/rozit.es\/es\/?s={search_term_string}"},"query-input":{"@type":"PropertyValueSpecification","valueRequired":true,"valueName":"search_term_string"}}],"inLanguage":"es-ES"}]}},"_links":{"self":[{"href":"https:\/\/rozit.es\/es\/wp-json\/wp\/v2\/pages\/474","targetHints":{"allow":["GET"]}}],"collection":[{"href":"https:\/\/rozit.es\/es\/wp-json\/wp\/v2\/pages"}],"about":[{"href":"https:\/\/rozit.es\/es\/wp-json\/wp\/v2\/types\/page"}],"author":[{"embeddable":true,"href":"https:\/\/rozit.es\/es\/wp-json\/wp\/v2\/users\/1"}],"replies":[{"embeddable":true,"href":"https:\/\/rozit.es\/es\/wp-json\/wp\/v2\/comments?post=474"}],"version-history":[{"count":0,"href":"https:\/\/rozit.es\/es\/wp-json\/wp\/v2\/pages\/474\/revisions"}],"wp:attachment":[{"href":"https:\/\/rozit.es\/es\/wp-json\/wp\/v2\/media?parent=474"}],"curies":[{"name":"wp","href":"https:\/\/api.w.org\/{rel}","templated":true}]}}