{"id":518,"date":"2025-09-21T08:34:13","date_gmt":"2025-09-21T08:34:13","guid":{"rendered":"https:\/\/rozit.es\/?page_id=518"},"modified":"2025-10-09T22:39:25","modified_gmt":"2025-10-09T22:39:25","slug":"home-es","status":"publish","type":"page","link":"https:\/\/rozit.es\/es\/","title":{"rendered":"P\u00e1gina principal"},"content":{"rendered":"\r\n<div class=\"tm-banner-slider-wrap\">\r\n            <div class=\"tm-banner-slider swiper\">\r\n            <div class=\"swiper-wrapper\">\r\n                                    <div class=\"tm-banner-slider__item swiper-slide\">\r\n                        <div class=\"tm-banner-slider__card\" data-swiper-parallax=\"40%\">\r\n                            <div class=\"tm-banner-slider-container\">\r\n                                <div class=\"tm-banner-slider__column\">\r\n                                    <div class=\"tm-banner-slider__wrap\">\r\n                                        <div class=\"tm-banner-slider__title regular color-white tm-margin-xdefault-bottom\" data-swiper-parallax=\"100\">\r\n                                            El sabor de la<br\/> vida que disfrutar\u00e1s                                        <\/div>\r\n                                        <div class=\"tm-banner-slider__content tm-uniq-font tm-h3 extralight notrans color-white\" data-swiper-parallax=\"-200\">\r\n                                            Dise\u00f1o y construcci\u00f3n de villas modernas llave en mano                                        <\/div>\r\n                                    <\/div>\r\n                                <\/div>\r\n                            <\/div>\r\n                            <div class=\"tm-banner-slider__bg\" style=\"background-image:url(https:\/\/rozit.es\/wp-content\/uploads\/2025\/10\/main-slider_750.webp)\" data-swiper-parallax=\"-100\" data-swiper-parallax-duration=\"\"><\/div>\r\n                        <\/div>\r\n                    <\/div>\r\n                            <\/div>\r\n        <\/div>\r\n    \r\n    <div class=\"tm-banner-slider-navigation-container\">\r\n        <div class=\"tm-banner-navigation-container\">\r\n            <div class=\"tm-banner-slider-arrow\">\r\n                \r\n            <\/div>\r\n\r\n                            <div class=\"tm-banner-btn tm-content-btn\">\r\n                    <a href=\"\/es\/projects\/\">\r\n                        Ver proyectos                    <\/a>\r\n                <\/div>\r\n                    <\/div>\r\n    <\/div>\r\n\r\n\r\n<\/div>\n\n\n<div id=\"services\" class=\"wp-block-group\"><div class=\"wp-block-group__inner-container is-layout-constrained wp-block-group-is-layout-constrained\">\n<div class=\"tm-grid-with-icon tm-padding-small\">\n\n            <div class=\"tm-grid\">\n                            <div class=\"tm-grid__width-1-3\">\n                    <div class=\"tm-grid-with-icon-card text-center tm-relative\">\n                        <div class=\"tm-grid-with-icon-card__container\">\n                            <div class=\"tm-grid-with-icon-card__icon tm-margin-small-bottom\">\n                                                                    <img decoding=\"async\" src=\"https:\/\/rozit.es\/wp-content\/uploads\/2025\/10\/1fw.svg\" alt=\"\" \/>\n                                                            <\/div>\n\n                            <div class=\"tm-grid-with-icon-card__title tm-h3 light\">\n                                NUESTROS PROYECTOS                            <\/div>\n\n                            <div class=\"tm-grid-with-icon-card__text\">\n                                Villas exclusivas desarrolladas por nuestro equipo de arquitectos. Dise\u00f1adas para una vida de calidad y disfrute.                            <\/div>\n                        <\/div>\n                        <a href=\"\/es\/projects\/\" class=\"tm-grid-with-icon-card__link\"><\/a>\n                        <div class=\"tm-grid-with-icon-card__bg\"  style=\"background-image:url(https:\/\/rozit.es\/wp-content\/uploads\/2025\/09\/Services-01b.webp);\"><\/div>\n                    <\/div>\n                <\/div>\n                            <div class=\"tm-grid__width-1-3\">\n                    <div class=\"tm-grid-with-icon-card text-center tm-relative\">\n                        <div class=\"tm-grid-with-icon-card__container\">\n                            <div class=\"tm-grid-with-icon-card__icon tm-margin-small-bottom\">\n                                                                    <img decoding=\"async\" src=\"https:\/\/rozit.es\/wp-content\/uploads\/2025\/10\/2fw.svg\" alt=\"\" \/>\n                                                            <\/div>\n\n                            <div class=\"tm-grid-with-icon-card__title tm-h3 light\">\n                                B2B &#038; COLABORACI\u00d3N                            <\/div>\n\n                            <div class=\"tm-grid-with-icon-card__text\">\n                                Invitamos a inversores, arquitectos y emprendedores a implementar juntos nuestras soluciones innovadoras.                            <\/div>\n                        <\/div>\n                        <a href=\"\/es\/b2b-partnerships\/\" class=\"tm-grid-with-icon-card__link\"><\/a>\n                        <div class=\"tm-grid-with-icon-card__bg\"  style=\"background-image:url(https:\/\/rozit.es\/wp-content\/uploads\/2025\/09\/Services-02b.webp);\"><\/div>\n                    <\/div>\n                <\/div>\n                            <div class=\"tm-grid__width-1-3\">\n                    <div class=\"tm-grid-with-icon-card text-center tm-relative\">\n                        <div class=\"tm-grid-with-icon-card__container\">\n                            <div class=\"tm-grid-with-icon-card__icon tm-margin-small-bottom\">\n                                                                    <img decoding=\"async\" src=\"https:\/\/rozit.es\/wp-content\/uploads\/2025\/10\/3fw.svg\" alt=\"\" \/>\n                                                            <\/div>\n\n                            <div class=\"tm-grid-with-icon-card__title tm-h3 light\">\n                                PARCELAS CON LICENCIA                            <\/div>\n\n                            <div class=\"tm-grid-with-icon-card__text\">\n                                \u00bfTienes o quieres un proyecto con licencia de construcci\u00f3n lista?\r\nLo construimos para ti.                            <\/div>\n                        <\/div>\n                        <a href=\"\/es\/plots-with-a-license\/\" class=\"tm-grid-with-icon-card__link\"><\/a>\n                        <div class=\"tm-grid-with-icon-card__bg\"  style=\"background-image:url(https:\/\/rozit.es\/wp-content\/uploads\/2025\/09\/Services-03b.webp);\"><\/div>\n                    <\/div>\n                <\/div>\n                    <\/div>\n    \n<\/div><\/div><\/div>\n\n\n\n<div class=\"tm-about\">\n    <div class=\"tm-grid\">\n        <div class=\"tm-grid__width-1-3 tm-about__column tm-flex tm-flex-column tm-flex-center\">\n            <div class=\"tm-about__content\">\n                <div class=\"tm-about__wrap tm-margin-xxsmall-bottom\">\n                    <div class=\"tm-about__subtitle tm-margin-small-bottom\">\n                        Con\u00f3cenos                    <\/div>\n                    <div class=\"tm-about__title tm-h2 tm-margin-xstandart-bottom\">\n                        SOBRE ROZIT DEVELOPMENT                    <\/div>\n                    <div class=\"tm-about__text tm-margin-default-bottom\">\n                        <p>No solo construimos casas: preparamos el escenario para los mejores momentos de tu vida. Un espacio que refleja tu car\u00e1cter e inspira tu pr\u00f3xima etapa.<\/p>\n<p>\u00a1Siempre seguimos aprendiendo, mejorando, creando! Con m\u00e1s de 15 a\u00f1os de experiencia en arquitectura y construcci\u00f3n de viviendas, creamos espacios que\u2026<\/p>\n                    <\/div>\n                    <div class=\"tm-about__btn tm-content-btn\">\n                        <a href=\"\/es\/about-us\/\">Leer m\u00e1s <span><\/span><\/a>\n                    <\/div>\n                <\/div>\n            <\/div>\n        <\/div>\n        <div class=\"tm-grid__width-6-30\">\n            <div class=\"tm-about__img\">\n                                    <img decoding=\"async\" src=\"https:\/\/rozit.es\/wp-content\/uploads\/2025\/09\/ABOUT_us.webp\" alt=\"\" \/>\n                            <\/div>\n        <\/div>\n    <\/div>\n<\/div>\n\n\n\n<div class=\"wp-block-group tm-padding tm-padding-no-bottom\"><div class=\"wp-block-group__inner-container is-layout-constrained wp-block-group-is-layout-constrained\">\n<p class=\"has-text-align-center tm-margin-xxsmall-bottom\">Nuestro blog<\/p>\n\n\n\n<h2 class=\"wp-block-heading has-text-align-center\"><strong>\u00daLTIMAS NOTICIAS<\/strong><\/h2>\n\n\n\r\n    <div class=\"tm-blog-slider\">\r\n        <div class=\"tm-blog-slider__grid tm-grid\">\r\n            \r\n                \r\n                    <div class=\"tm-grid__width-1-2\">\r\n    <div class=\"tm-blog-card\">\r\n\r\n        <div class=\"tm-blog-card__img tm-relative\">\r\n                            <a href=\"https:\/\/rozit.es\/es\/modular-vs-traditional-villa\/\" class=\"tm-flex tm-flex-center\"><img loading=\"lazy\" decoding=\"async\" width=\"535\" height=\"285\" src=\"https:\/\/rozit.es\/wp-content\/uploads\/2025\/10\/004_cove-535x285.webp\" class=\"attachment-thumbnail size-thumbnail wp-post-image\" alt=\"\" \/><\/a>\r\n                    <\/div>\r\n        <div class=\"tm-blog-card__header tm-relative\">\r\n            <div class=\"tm-blog-card__line tm-flex tm-flex-middle tm-col-gap10 tm-margin-small-bottom\">\r\n                <div class=\"tm-blog-card__category\">\r\n                    <a href=\"https:\/\/rozit.es\/es\/blog\/\" rel=\"category tag\">Blog<\/a>                <\/div>\r\n                <div class=\"tm-blog-card__date tm-relative\">\r\n                    October 10, 2025                <\/div>\r\n            <\/div>\r\n            <div class=\"tm-blog-card__title tm-h3 tm-margin-no-bottom light\">\r\n                <a href=\"https:\/\/rozit.es\/es\/modular-vs-traditional-villa\/\">Villa modular vs tradicional \u2014 \u00bfCu\u00e1l elegir?<\/a>\r\n            <\/div>\r\n        <\/div>\r\n\r\n    <\/div>\r\n<\/div>\r\n                \r\n                    <div class=\"tm-grid__width-1-2\">\r\n    <div class=\"tm-blog-card\">\r\n\r\n        <div class=\"tm-blog-card__img tm-relative\">\r\n                            <a href=\"https:\/\/rozit.es\/es\/modular-smart-villas\/\" class=\"tm-flex tm-flex-center\"><img loading=\"lazy\" decoding=\"async\" width=\"535\" height=\"285\" src=\"https:\/\/rozit.es\/wp-content\/uploads\/2025\/10\/cover003-535x285.webp\" class=\"attachment-thumbnail size-thumbnail wp-post-image\" alt=\"\" \/><\/a>\r\n                    <\/div>\r\n        <div class=\"tm-blog-card__header tm-relative\">\r\n            <div class=\"tm-blog-card__line tm-flex tm-flex-middle tm-col-gap10 tm-margin-small-bottom\">\r\n                <div class=\"tm-blog-card__category\">\r\n                    <a href=\"https:\/\/rozit.es\/es\/blog\/\" rel=\"category tag\">Blog<\/a>                <\/div>\r\n                <div class=\"tm-blog-card__date tm-relative\">\r\n                    October 10, 2025                <\/div>\r\n            <\/div>\r\n            <div class=\"tm-blog-card__title tm-h3 tm-margin-no-bottom light\">\r\n                <a href=\"https:\/\/rozit.es\/es\/modular-smart-villas\/\">Villas modulares inteligentes\u00a0\u2013 innovaci\u00f3n, confort y valor<\/a>\r\n            <\/div>\r\n        <\/div>\r\n\r\n    <\/div>\r\n<\/div>\r\n                \r\n                    <\/div>\r\n    <\/div>\r\n\r\n\n<\/div><\/div>\n","protected":false},"excerpt":{"rendered":"<p>Nuestro blog \u00daLTIMAS NOTICIAS<\/p>\n","protected":false},"author":1,"featured_media":0,"parent":0,"menu_order":0,"comment_status":"closed","ping_status":"closed","template":"page-notitle.php","meta":{"_acf_changed":true,"inline_featured_image":false,"footnotes":""},"class_list":["post-518","page","type-page","status-publish","hentry"],"acf":[],"yoast_head":"<!-- This site is optimized with the Yoast SEO plugin v26.1.1 - https:\/\/yoast.com\/wordpress\/plugins\/seo\/ -->\n<title>P\u00e1gina principal - Rozit<\/title>\n<meta name=\"robots\" content=\"index, follow, max-snippet:-1, max-image-preview:large, max-video-preview:-1\" \/>\n<link rel=\"canonical\" href=\"https:\/\/rozit.es\/es\/\" \/>\n<meta property=\"og:locale\" content=\"es_ES\" \/>\n<meta property=\"og:type\" content=\"article\" \/>\n<meta property=\"og:title\" content=\"P\u00e1gina principal - Rozit\" \/>\n<meta property=\"og:description\" content=\"Nuestro blog \u00daLTIMAS NOTICIAS\" \/>\n<meta property=\"og:url\" content=\"https:\/\/rozit.es\/es\/\" \/>\n<meta property=\"og:site_name\" content=\"Rozit\" \/>\n<meta property=\"article:modified_time\" content=\"2025-10-09T22:39:25+00:00\" \/>\n<meta name=\"twitter:card\" content=\"summary_large_image\" \/>\n<meta name=\"twitter:label1\" content=\"Tiempo de lectura\" \/>\n\t<meta name=\"twitter:data1\" content=\"1 minute\" \/>\n<script type=\"application\/ld+json\" class=\"yoast-schema-graph\">{\"@context\":\"https:\/\/schema.org\",\"@graph\":[{\"@type\":\"WebPage\",\"@id\":\"https:\/\/rozit.es\/es\/\",\"url\":\"https:\/\/rozit.es\/es\/\",\"name\":\"P\u00e1gina principal - Rozit\",\"isPartOf\":{\"@id\":\"https:\/\/rozit.es\/es\/#website\"},\"datePublished\":\"2025-09-21T08:34:13+00:00\",\"dateModified\":\"2025-10-09T22:39:25+00:00\",\"breadcrumb\":{\"@id\":\"https:\/\/rozit.es\/es\/#breadcrumb\"},\"inLanguage\":\"es-ES\",\"potentialAction\":[{\"@type\":\"ReadAction\",\"target\":[\"https:\/\/rozit.es\/es\/\"]}]},{\"@type\":\"BreadcrumbList\",\"@id\":\"https:\/\/rozit.es\/es\/#breadcrumb\",\"itemListElement\":[{\"@type\":\"ListItem\",\"position\":1,\"name\":\"Home\",\"item\":\"https:\/\/rozit.es\/es\/\"},{\"@type\":\"ListItem\",\"position\":2,\"name\":\"P\u00e1gina principal\"}]},{\"@type\":\"WebSite\",\"@id\":\"https:\/\/rozit.es\/es\/#website\",\"url\":\"https:\/\/rozit.es\/es\/\",\"name\":\"Rozit\",\"description\":\"\",\"potentialAction\":[{\"@type\":\"SearchAction\",\"target\":{\"@type\":\"EntryPoint\",\"urlTemplate\":\"https:\/\/rozit.es\/es\/?s={search_term_string}\"},\"query-input\":{\"@type\":\"PropertyValueSpecification\",\"valueRequired\":true,\"valueName\":\"search_term_string\"}}],\"inLanguage\":\"es-ES\"}]}<\/script>\n<!-- \/ Yoast SEO plugin. -->","yoast_head_json":{"title":"P\u00e1gina principal - Rozit","robots":{"index":"index","follow":"follow","max-snippet":"max-snippet:-1","max-image-preview":"max-image-preview:large","max-video-preview":"max-video-preview:-1"},"canonical":"https:\/\/rozit.es\/es\/","og_locale":"es_ES","og_type":"article","og_title":"P\u00e1gina principal - Rozit","og_description":"Nuestro blog \u00daLTIMAS NOTICIAS","og_url":"https:\/\/rozit.es\/es\/","og_site_name":"Rozit","article_modified_time":"2025-10-09T22:39:25+00:00","twitter_card":"summary_large_image","twitter_misc":{"Tiempo de lectura":"1 minute"},"schema":{"@context":"https:\/\/schema.org","@graph":[{"@type":"WebPage","@id":"https:\/\/rozit.es\/es\/","url":"https:\/\/rozit.es\/es\/","name":"P\u00e1gina principal - Rozit","isPartOf":{"@id":"https:\/\/rozit.es\/es\/#website"},"datePublished":"2025-09-21T08:34:13+00:00","dateModified":"2025-10-09T22:39:25+00:00","breadcrumb":{"@id":"https:\/\/rozit.es\/es\/#breadcrumb"},"inLanguage":"es-ES","potentialAction":[{"@type":"ReadAction","target":["https:\/\/rozit.es\/es\/"]}]},{"@type":"BreadcrumbList","@id":"https:\/\/rozit.es\/es\/#breadcrumb","itemListElement":[{"@type":"ListItem","position":1,"name":"Home","item":"https:\/\/rozit.es\/es\/"},{"@type":"ListItem","position":2,"name":"P\u00e1gina principal"}]},{"@type":"WebSite","@id":"https:\/\/rozit.es\/es\/#website","url":"https:\/\/rozit.es\/es\/","name":"Rozit","description":"","potentialAction":[{"@type":"SearchAction","target":{"@type":"EntryPoint","urlTemplate":"https:\/\/rozit.es\/es\/?s={search_term_string}"},"query-input":{"@type":"PropertyValueSpecification","valueRequired":true,"valueName":"search_term_string"}}],"inLanguage":"es-ES"}]}},"_links":{"self":[{"href":"https:\/\/rozit.es\/es\/wp-json\/wp\/v2\/pages\/518","targetHints":{"allow":["GET"]}}],"collection":[{"href":"https:\/\/rozit.es\/es\/wp-json\/wp\/v2\/pages"}],"about":[{"href":"https:\/\/rozit.es\/es\/wp-json\/wp\/v2\/types\/page"}],"author":[{"embeddable":true,"href":"https:\/\/rozit.es\/es\/wp-json\/wp\/v2\/users\/1"}],"replies":[{"embeddable":true,"href":"https:\/\/rozit.es\/es\/wp-json\/wp\/v2\/comments?post=518"}],"version-history":[{"count":0,"href":"https:\/\/rozit.es\/es\/wp-json\/wp\/v2\/pages\/518\/revisions"}],"wp:attachment":[{"href":"https:\/\/rozit.es\/es\/wp-json\/wp\/v2\/media?parent=518"}],"curies":[{"name":"wp","href":"https:\/\/api.w.org\/{rel}","templated":true}]}}