{"id":689,"date":"2025-09-24T17:58:03","date_gmt":"2025-09-24T17:58:03","guid":{"rendered":"https:\/\/rozit.es\/?page_id=689"},"modified":"2025-10-10T03:40:40","modified_gmt":"2025-10-10T03:40:40","slug":"b2b-partnerships","status":"publish","type":"page","link":"https:\/\/rozit.es\/es\/b2b-partnerships\/","title":{"rendered":"Hag\u00e1moslo juntos"},"content":{"rendered":"\n<p>En el mercado actual, la velocidad y el valor son las mayores ventajas competitivas. Nuestra tecnolog\u00eda de construcci\u00f3n avanzada nos permite entregar propiedades residenciales premium 2\u20133 veces m\u00e1s r\u00e1pido que el est\u00e1ndar de la industria. Esta velocidad, combinada con un dise\u00f1o excepcional, crea una propuesta de valor superior para tus clientes y una posici\u00f3n m\u00e1s fuerte para ti en el mercado.<\/p>\n\n\n\n<p>Esto no es magia; es el resultado de 15 a\u00f1os de experiencia e ingenier\u00eda de procesos. Al acortar los plazos de construcci\u00f3n, reducimos dr\u00e1sticamente los ciclos de rotaci\u00f3n de capital. Para nuestros socios, esto se traduce directamente en un potencial de beneficio 2\u20133 veces mayor que las construcciones convencionales. Construyamos juntos un futuro m\u00e1s rentable.<\/p>\n\n\n\r\n<div class=\"tm-button-block tm-margin-xdefault-bottom\">\r\n    <div class=\"tm-content-btn tm-content-btn_middle tm-content-btn_big\">\r\n        <a href=\"https:\/\/38f.co\/pgsite\" target=\"_blank\">Hazte socio ahora<\/a>\r\n    <\/div>\r\n<\/div>\n\n\n<h2 class=\"wp-block-heading\">PARA ARQUITECTOS<\/h2>\n\n\n\n<p>T\u00fa dise\u00f1as \u2014 nosotros construimos.<\/p>\n\n\n\n<p>Hoy en d\u00eda, muchos arquitectos pierden clientes de proyectos tradicionales ante la creciente oferta de soluciones llave en mano en el mercado inmobiliario. Pero esto no tiene por qu\u00e9 ser tu caso. \u00bfC\u00f3mo podemos ayudarte?<\/p>\n\n\n\n<p>No puedes permitirte perder clientes que consideran opciones alternativas de construcci\u00f3n y gesti\u00f3n de proyectos. Como arquitecto, debes ser esa alternativa \u2014 y con Rozit, puedes lograrlo.<\/p>\n\n\n\n<p>Al convertirte en nuestro socio, accedes a soluciones de arquitectura industrializada de vanguardia que te permiten ofrecer a tus clientes viviendas innovadoras, eficientes y de alta calidad.<\/p>\n\n\n\n<p>Con Tizor, no perder\u00e1s clientes ante la construcci\u00f3n modular o viviendas predise\u00f1adas \u2014 podr\u00e1s presentarles estas mismas opciones bajo tu propio nombre. Proporcionamos una amplia gama de modelos predise\u00f1ados, procesos optimizados y plazos fiables para que puedas entregar proyectos m\u00e1s r\u00e1pido, f\u00e1cilmente y con total transparencia.<\/p>\n\n\n\n<p>\u00bfC\u00f3mo es trabajar con Rozit Development? Nuestro equipo te apoya en cada paso. Si lo prefieres, nos encargamos de todo \u2014desde la documentaci\u00f3n t\u00e9cnica, renders 3D y especificaciones de materiales.<\/p>\n\n\n\n<p>Esto te permite concentrarte en lo que mejor sabes hacer: dise\u00f1ar y guiar a tus clientes hacia la casa de sus sue\u00f1os, sin responsabilidades adicionales.<\/p>\n\n\n\n<p>Con Tizor, tu pr\u00e1ctica arquitect\u00f3nica ser\u00e1 m\u00e1s rentable, competitiva y preparada para el futuro.<\/p>\n\n\n\n<p>Cont\u00e1ctanos hoy \u2014 formemos juntos la pr\u00f3xima generaci\u00f3n de hogares.<\/p>\n\n\n\r\n<div class=\"tm-button-block tm-margin-xdefault-bottom\">\r\n    <div class=\"tm-content-btn tm-content-btn_middle tm-content-btn_big\">\r\n        <a href=\"https:\/\/38f.co\/pgsite\" target=\"_blank\">Hazte socio ahora<\/a>\r\n    <\/div>\r\n<\/div>\n\n\n<h2 class=\"wp-block-heading\">PARA AGENTES INMOBILIARIOS<\/h2>\n\n\n\n<h3 class=\"wp-block-heading\">Cierra acuerdos 3 veces m\u00e1s r\u00e1pido. Sorprende a tus clientes<\/h3>\n\n\n\n<p>Deja de mostrar proyectos con plazos vagos de dos a\u00f1os. Con nosotros, puedes ofrecer una casa premium dise\u00f1ada por arquitectos, construida en tan solo 6 meses. Nuestro producto est\u00e1 dise\u00f1ado para ser una venta f\u00e1cil: es m\u00e1s r\u00e1pido, m\u00e1s inteligente y ofrece un valor excepcional que tus clientes reconocer\u00e1n al instante. Da a tu portafolio una ventaja inigualable.<\/p>\n\n\n\n<p>Para nuestros socios agentes, esta velocidad y calidad significan una comisi\u00f3n m\u00e1s r\u00e1pida y fiable. Por eso nuestras relaciones profesionales duran d\u00e9cadas. Al cerrar acuerdos en tiempo r\u00e9cord, puedes aumentar significativamente tus ingresos anuales y construir una reputaci\u00f3n como el agente que cumple lo que otros solo prometen. Ofrece un mejor producto, obt\u00e9n mejores resultados. As\u00ed de simple.<\/p>\n\n\n\r\n<div class=\"tm-button-block tm-margin-xdefault-bottom\">\r\n    <div class=\"tm-content-btn tm-content-btn_middle tm-content-btn_big\">\r\n        <a href=\"https:\/\/38f.co\/pgsite\" target=\"_blank\">Hazte socio ahora<\/a>\r\n    <\/div>\r\n<\/div>\n\n\n<h2 class=\"wp-block-heading\">PARA TODOS<\/h2>\n","protected":false},"excerpt":{"rendered":"<p>En el mercado actual, la velocidad y el valor son las mayores ventajas competitivas. Nuestra tecnolog\u00eda de construcci\u00f3n avanzada nos permite entregar propiedades residenciales premium 2\u20133 veces m\u00e1s r\u00e1pido que el est\u00e1ndar de la industria. Esta velocidad, combinada con un dise\u00f1o excepcional, crea una propuesta de valor superior para tus clientes y una posici\u00f3n m\u00e1s [&hellip;]<\/p>\n","protected":false},"author":1,"featured_media":0,"parent":0,"menu_order":0,"comment_status":"closed","ping_status":"closed","template":"page-photo.php","meta":{"_acf_changed":true,"inline_featured_image":false,"footnotes":""},"class_list":["post-689","page","type-page","status-publish","hentry"],"acf":[],"yoast_head":"<!-- This site is optimized with the Yoast SEO plugin v26.1.1 - https:\/\/yoast.com\/wordpress\/plugins\/seo\/ -->\n<title>Hag\u00e1moslo juntos - Rozit<\/title>\n<meta name=\"robots\" content=\"index, follow, max-snippet:-1, max-image-preview:large, max-video-preview:-1\" \/>\n<link rel=\"canonical\" href=\"https:\/\/rozit.es\/es\/b2b-partnerships\/\" \/>\n<meta property=\"og:locale\" content=\"es_ES\" \/>\n<meta property=\"og:type\" content=\"article\" \/>\n<meta property=\"og:title\" content=\"Hag\u00e1moslo juntos - Rozit\" \/>\n<meta property=\"og:description\" content=\"En el mercado actual, la velocidad y el valor son las mayores ventajas competitivas. Nuestra tecnolog\u00eda de construcci\u00f3n avanzada nos permite entregar propiedades residenciales premium 2\u20133 veces m\u00e1s r\u00e1pido que el est\u00e1ndar de la industria. Esta velocidad, combinada con un dise\u00f1o excepcional, crea una propuesta de valor superior para tus clientes y una posici\u00f3n m\u00e1s [&hellip;]\" \/>\n<meta property=\"og:url\" content=\"https:\/\/rozit.es\/es\/b2b-partnerships\/\" \/>\n<meta property=\"og:site_name\" content=\"Rozit\" \/>\n<meta property=\"article:modified_time\" content=\"2025-10-10T03:40:40+00:00\" \/>\n<meta name=\"twitter:card\" content=\"summary_large_image\" \/>\n<meta name=\"twitter:label1\" content=\"Tiempo de lectura\" \/>\n\t<meta name=\"twitter:data1\" content=\"3 minutes\" \/>\n<script type=\"application\/ld+json\" class=\"yoast-schema-graph\">{\"@context\":\"https:\/\/schema.org\",\"@graph\":[{\"@type\":\"WebPage\",\"@id\":\"https:\/\/rozit.es\/es\/b2b-partnerships\/\",\"url\":\"https:\/\/rozit.es\/es\/b2b-partnerships\/\",\"name\":\"Hag\u00e1moslo juntos - Rozit\",\"isPartOf\":{\"@id\":\"https:\/\/rozit.es\/es\/#website\"},\"datePublished\":\"2025-09-24T17:58:03+00:00\",\"dateModified\":\"2025-10-10T03:40:40+00:00\",\"breadcrumb\":{\"@id\":\"https:\/\/rozit.es\/es\/b2b-partnerships\/#breadcrumb\"},\"inLanguage\":\"es-ES\",\"potentialAction\":[{\"@type\":\"ReadAction\",\"target\":[\"https:\/\/rozit.es\/es\/b2b-partnerships\/\"]}]},{\"@type\":\"BreadcrumbList\",\"@id\":\"https:\/\/rozit.es\/es\/b2b-partnerships\/#breadcrumb\",\"itemListElement\":[{\"@type\":\"ListItem\",\"position\":1,\"name\":\"Home\",\"item\":\"https:\/\/rozit.es\/es\/\"},{\"@type\":\"ListItem\",\"position\":2,\"name\":\"Hag\u00e1moslo juntos\"}]},{\"@type\":\"WebSite\",\"@id\":\"https:\/\/rozit.es\/es\/#website\",\"url\":\"https:\/\/rozit.es\/es\/\",\"name\":\"Rozit\",\"description\":\"\",\"potentialAction\":[{\"@type\":\"SearchAction\",\"target\":{\"@type\":\"EntryPoint\",\"urlTemplate\":\"https:\/\/rozit.es\/es\/?s={search_term_string}\"},\"query-input\":{\"@type\":\"PropertyValueSpecification\",\"valueRequired\":true,\"valueName\":\"search_term_string\"}}],\"inLanguage\":\"es-ES\"}]}<\/script>\n<!-- \/ Yoast SEO plugin. -->","yoast_head_json":{"title":"Hag\u00e1moslo juntos - Rozit","robots":{"index":"index","follow":"follow","max-snippet":"max-snippet:-1","max-image-preview":"max-image-preview:large","max-video-preview":"max-video-preview:-1"},"canonical":"https:\/\/rozit.es\/es\/b2b-partnerships\/","og_locale":"es_ES","og_type":"article","og_title":"Hag\u00e1moslo juntos - Rozit","og_description":"En el mercado actual, la velocidad y el valor son las mayores ventajas competitivas. Nuestra tecnolog\u00eda de construcci\u00f3n avanzada nos permite entregar propiedades residenciales premium 2\u20133 veces m\u00e1s r\u00e1pido que el est\u00e1ndar de la industria. Esta velocidad, combinada con un dise\u00f1o excepcional, crea una propuesta de valor superior para tus clientes y una posici\u00f3n m\u00e1s [&hellip;]","og_url":"https:\/\/rozit.es\/es\/b2b-partnerships\/","og_site_name":"Rozit","article_modified_time":"2025-10-10T03:40:40+00:00","twitter_card":"summary_large_image","twitter_misc":{"Tiempo de lectura":"3 minutes"},"schema":{"@context":"https:\/\/schema.org","@graph":[{"@type":"WebPage","@id":"https:\/\/rozit.es\/es\/b2b-partnerships\/","url":"https:\/\/rozit.es\/es\/b2b-partnerships\/","name":"Hag\u00e1moslo juntos - Rozit","isPartOf":{"@id":"https:\/\/rozit.es\/es\/#website"},"datePublished":"2025-09-24T17:58:03+00:00","dateModified":"2025-10-10T03:40:40+00:00","breadcrumb":{"@id":"https:\/\/rozit.es\/es\/b2b-partnerships\/#breadcrumb"},"inLanguage":"es-ES","potentialAction":[{"@type":"ReadAction","target":["https:\/\/rozit.es\/es\/b2b-partnerships\/"]}]},{"@type":"BreadcrumbList","@id":"https:\/\/rozit.es\/es\/b2b-partnerships\/#breadcrumb","itemListElement":[{"@type":"ListItem","position":1,"name":"Home","item":"https:\/\/rozit.es\/es\/"},{"@type":"ListItem","position":2,"name":"Hag\u00e1moslo juntos"}]},{"@type":"WebSite","@id":"https:\/\/rozit.es\/es\/#website","url":"https:\/\/rozit.es\/es\/","name":"Rozit","description":"","potentialAction":[{"@type":"SearchAction","target":{"@type":"EntryPoint","urlTemplate":"https:\/\/rozit.es\/es\/?s={search_term_string}"},"query-input":{"@type":"PropertyValueSpecification","valueRequired":true,"valueName":"search_term_string"}}],"inLanguage":"es-ES"}]}},"_links":{"self":[{"href":"https:\/\/rozit.es\/es\/wp-json\/wp\/v2\/pages\/689","targetHints":{"allow":["GET"]}}],"collection":[{"href":"https:\/\/rozit.es\/es\/wp-json\/wp\/v2\/pages"}],"about":[{"href":"https:\/\/rozit.es\/es\/wp-json\/wp\/v2\/types\/page"}],"author":[{"embeddable":true,"href":"https:\/\/rozit.es\/es\/wp-json\/wp\/v2\/users\/1"}],"replies":[{"embeddable":true,"href":"https:\/\/rozit.es\/es\/wp-json\/wp\/v2\/comments?post=689"}],"version-history":[{"count":0,"href":"https:\/\/rozit.es\/es\/wp-json\/wp\/v2\/pages\/689\/revisions"}],"wp:attachment":[{"href":"https:\/\/rozit.es\/es\/wp-json\/wp\/v2\/media?parent=689"}],"curies":[{"name":"wp","href":"https:\/\/api.w.org\/{rel}","templated":true}]}}